{"id":809,"date":"2025-11-12T07:57:54","date_gmt":"2025-11-12T06:57:54","guid":{"rendered":"https:\/\/tatau.be\/cuisine-fusion-interieur-tendance\/"},"modified":"2025-11-22T14:05:04","modified_gmt":"2025-11-22T13:05:04","slug":"cuisine-fusion-interieur-tendance","status":"publish","type":"page","link":"https:\/\/tatau.be\/fr\/cuisine-fusion-interieur-tendance\/","title":{"rendered":"Cuisine fusion, int\u00e9rieur tendance"},"content":{"rendered":"\t\t<div data-elementor-type=\"wp-page\" data-elementor-id=\"809\" class=\"elementor elementor-809 elementor-624\" data-elementor-post-type=\"page\">\n\t\t\t\t<div class=\"elementor-element elementor-element-0516393 e-flex e-con-boxed e-con e-parent\" data-id=\"0516393\" data-element_type=\"container\" data-e-type=\"container\" data-settings=\"{&quot;background_background&quot;:&quot;classic&quot;}\">\n\t\t\t\t\t<div class=\"e-con-inner\">\n\t\t<div class=\"elementor-element elementor-element-fed05f0 e-con-full e-flex e-con e-child\" data-id=\"fed05f0\" data-element_type=\"container\" data-e-type=\"container\">\n\t\t\t\t<div class=\"elementor-element elementor-element-9f71fad elementor-widget-divider--view-line_icon elementor-view-default elementor-widget-divider--element-align-center elementor-invisible elementor-widget elementor-widget-divider\" data-id=\"9f71fad\" data-element_type=\"widget\" data-e-type=\"widget\" data-settings=\"{&quot;_animation&quot;:&quot;fadeIn&quot;,&quot;_animation_delay&quot;:600}\" data-widget_type=\"divider.default\">\n\t\t\t\t\t\t\t<div class=\"elementor-divider\">\n\t\t\t<span class=\"elementor-divider-separator\">\n\t\t\t\t\t\t\t<div class=\"elementor-icon elementor-divider__element\">\n\t\t\t\t\t<svg aria-hidden=\"true\" class=\"e-font-icon-svg e-fas-square-full\" viewBox=\"0 0 512 512\" xmlns=\"http:\/\/www.w3.org\/2000\/svg\"><path d=\"M512 512H0V0h512v512z\"><\/path><\/svg><\/div>\n\t\t\t\t\t\t<\/span>\n\t\t<\/div>\n\t\t\t\t\t\t<\/div>\n\t\t\t\t<\/div>\n\t\t\t\t\t<\/div>\n\t\t\t\t<\/div>\n\t\t<div class=\"elementor-element elementor-element-1b447ff e-flex e-con-boxed e-con e-parent\" data-id=\"1b447ff\" data-element_type=\"container\" data-e-type=\"container\" data-settings=\"{&quot;background_background&quot;:&quot;gradient&quot;}\">\n\t\t\t\t\t<div class=\"e-con-inner\">\n\t\t<div class=\"elementor-element elementor-element-7013809 e-con-full e-flex e-con e-child\" data-id=\"7013809\" data-element_type=\"container\" data-e-type=\"container\">\n\t\t\t\t<div class=\"elementor-element elementor-element-a291a39 elementor-widget-mobile__width-initial elementor-widget elementor-widget-image\" data-id=\"a291a39\" data-element_type=\"widget\" data-e-type=\"widget\" data-widget_type=\"image.default\">\n\t\t\t\t\t\t\t\t\t\t\t\t\t\t\t<img fetchpriority=\"high\" decoding=\"async\" width=\"768\" height=\"1024\" src=\"https:\/\/tatau.be\/wp-content\/uploads\/2025\/11\/Tatau-9-768x1024.jpg\" class=\"attachment-large size-large wp-image-36\" alt=\"\" srcset=\"https:\/\/tatau.be\/wp-content\/uploads\/2025\/11\/Tatau-9-768x1024.jpg 768w, https:\/\/tatau.be\/wp-content\/uploads\/2025\/11\/Tatau-9-225x300.jpg 225w, https:\/\/tatau.be\/wp-content\/uploads\/2025\/11\/Tatau-9-1152x1536.jpg 1152w, https:\/\/tatau.be\/wp-content\/uploads\/2025\/11\/Tatau-9.jpg 1440w\" sizes=\"(max-width: 768px) 100vw, 768px\" \/>\t\t\t\t\t\t\t\t\t\t\t\t\t\t\t<\/div>\n\t\t\t\t<div class=\"elementor-element elementor-element-47451f2 elementor-widget__width-initial elementor-widget-mobile__width-initial elementor-widget elementor-widget-image\" data-id=\"47451f2\" data-element_type=\"widget\" data-e-type=\"widget\" data-widget_type=\"image.default\">\n\t\t\t\t\t\t\t\t\t\t\t\t\t\t\t<img decoding=\"async\" width=\"768\" height=\"1024\" src=\"https:\/\/tatau.be\/wp-content\/uploads\/2025\/11\/Tatau-18-768x1024.jpg\" class=\"attachment-large size-large wp-image-45\" alt=\"\" srcset=\"https:\/\/tatau.be\/wp-content\/uploads\/2025\/11\/Tatau-18-768x1023.jpg 768w, https:\/\/tatau.be\/wp-content\/uploads\/2025\/11\/Tatau-18-225x300.jpg 225w, https:\/\/tatau.be\/wp-content\/uploads\/2025\/11\/Tatau-18-1153x1536.jpg 1153w, https:\/\/tatau.be\/wp-content\/uploads\/2025\/11\/Tatau-18.jpg 1422w\" sizes=\"(max-width: 768px) 100vw, 768px\" \/>\t\t\t\t\t\t\t\t\t\t\t\t\t\t\t<\/div>\n\t\t\t\t<div class=\"elementor-element elementor-element-46ac814 elementor-absolute elementor-invisible elementor-widget elementor-widget-image\" data-id=\"46ac814\" data-element_type=\"widget\" data-e-type=\"widget\" data-settings=\"{&quot;_position&quot;:&quot;absolute&quot;,&quot;_animation&quot;:&quot;zoomIn&quot;}\" data-widget_type=\"image.default\">\n\t\t\t\t\t\t\t\t\t\t\t\t\t\t\t<img decoding=\"async\" width=\"800\" height=\"800\" src=\"https:\/\/tatau.be\/wp-content\/uploads\/2025\/11\/Tatau-tussenstuk-1024x1024.jpg\" class=\"attachment-large size-large wp-image-28\" alt=\"\" srcset=\"https:\/\/tatau.be\/wp-content\/uploads\/2025\/11\/Tatau-tussenstuk-1024x1024.jpg 1024w, https:\/\/tatau.be\/wp-content\/uploads\/2025\/11\/Tatau-tussenstuk-300x300.jpg 300w, https:\/\/tatau.be\/wp-content\/uploads\/2025\/11\/Tatau-tussenstuk-150x150.jpg 150w, https:\/\/tatau.be\/wp-content\/uploads\/2025\/11\/Tatau-tussenstuk-768x768.jpg 768w, https:\/\/tatau.be\/wp-content\/uploads\/2025\/11\/Tatau-tussenstuk.jpg 1080w\" sizes=\"(max-width: 800px) 100vw, 800px\" \/>\t\t\t\t\t\t\t\t\t\t\t\t\t\t\t<\/div>\n\t\t\t\t<\/div>\n\t\t<div class=\"elementor-element elementor-element-760ab6e e-con-full e-flex e-con e-child\" data-id=\"760ab6e\" data-element_type=\"container\" data-e-type=\"container\">\n\t\t\t\t<div class=\"elementor-element elementor-element-e8b5e7b elementor-widget-mobile__width-initial elementor-invisible elementor-widget elementor-widget-heading\" data-id=\"e8b5e7b\" data-element_type=\"widget\" data-e-type=\"widget\" data-settings=\"{&quot;_animation&quot;:&quot;fadeIn&quot;}\" data-widget_type=\"heading.default\">\n\t\t\t\t\t<span class=\"elementor-heading-title elementor-size-default\">TATAU<\/span>\t\t\t\t<\/div>\n\t\t\t\t<div class=\"elementor-element elementor-element-a8c40c6 elementor-widget__width-initial elementor-widget-tablet__width-inherit elementor-invisible elementor-widget elementor-widget-heading\" data-id=\"a8c40c6\" data-element_type=\"widget\" data-e-type=\"widget\" data-settings=\"{&quot;_animation&quot;:&quot;fadeInDown&quot;}\" data-widget_type=\"heading.default\">\n\t\t\t\t\t<h2 class=\"elementor-heading-title elementor-size-default\">Cuisine fusion dans un int\u00e9rieur branch\u00e9 \u00e0 Knokke<\/h2>\t\t\t\t<\/div>\n\t\t\t\t<div class=\"elementor-element elementor-element-a18ee3c elementor-widget-divider--view-line elementor-invisible elementor-widget elementor-widget-divider\" data-id=\"a18ee3c\" data-element_type=\"widget\" data-e-type=\"widget\" data-settings=\"{&quot;_animation&quot;:&quot;fadeInLeft&quot;}\" data-widget_type=\"divider.default\">\n\t\t\t\t\t\t\t<div class=\"elementor-divider\">\n\t\t\t<span class=\"elementor-divider-separator\">\n\t\t\t\t\t\t<\/span>\n\t\t<\/div>\n\t\t\t\t\t\t<\/div>\n\t\t\t\t<div class=\"elementor-element elementor-element-ca16c58 elementor-invisible elementor-widget elementor-widget-text-editor\" data-id=\"ca16c58\" data-element_type=\"widget\" data-e-type=\"widget\" data-settings=\"{&quot;_animation&quot;:&quot;fadeInUp&quot;}\" data-widget_type=\"text-editor.default\">\n\t\t\t\t\t\t\t\t\t<p>Vivez une exp\u00e9rience culinaire unique chez <strong>TATAU<\/strong>, o\u00f9 les saveurs orientales rencontrent les produits locaux dans une cuisine fusion inventive. Notre int\u00e9rieur soigneusement pens\u00e9 cr\u00e9e une ambiance id\u00e9ale pour d\u00e9guster des plats raffin\u00e9s entre amis, en famille ou lors d\u2019un d\u00eener romantique.<\/p>\n<p>Nos chefs marient les traditions culinaires asiatiques \u00e0 des techniques modernes, donnant naissance \u00e0 des plats \u00e0 la fois surprenants, subtils et accessibles. Entr\u00e9es l\u00e9g\u00e8res, sushis d\u00e9licats, plats principaux cr\u00e9atifs, currys \u00e9pic\u00e9s\u2026 chaque assiette refl\u00e8te un savoir-faire audacieux et harmonieux.<\/p>\n\t\t\t\t\t\t\t\t<\/div>\n\t\t\t\t<\/div>\n\t\t\t\t\t<\/div>\n\t\t\t\t<\/div>\n\t\t<div class=\"elementor-element elementor-element-d4e6abd e-flex e-con-boxed e-con e-parent\" data-id=\"d4e6abd\" data-element_type=\"container\" data-e-type=\"container\" data-settings=\"{&quot;background_background&quot;:&quot;gradient&quot;}\">\n\t\t\t\t\t<div class=\"e-con-inner\">\n\t\t<div class=\"elementor-element elementor-element-b2b9872 e-con-full e-flex e-con e-child\" data-id=\"b2b9872\" data-element_type=\"container\" data-e-type=\"container\">\n\t\t\t\t<div class=\"elementor-element elementor-element-2c59449 elementor-widget__width-inherit elementor-widget-mobile__width-inherit elementor-invisible elementor-widget elementor-widget-heading\" data-id=\"2c59449\" data-element_type=\"widget\" data-e-type=\"widget\" data-settings=\"{&quot;_animation&quot;:&quot;fadeInDown&quot;}\" data-widget_type=\"heading.default\">\n\t\t\t\t\t<h2 class=\"elementor-heading-title elementor-size-default\">Hotspot \u00e0 Knokke<\/h2>\t\t\t\t<\/div>\n\t\t\t\t<div class=\"elementor-element elementor-element-e06788f elementor-widget-divider--view-line elementor-invisible elementor-widget elementor-widget-divider\" data-id=\"e06788f\" data-element_type=\"widget\" data-e-type=\"widget\" data-settings=\"{&quot;_animation&quot;:&quot;fadeInLeft&quot;}\" data-widget_type=\"divider.default\">\n\t\t\t\t\t\t\t<div class=\"elementor-divider\">\n\t\t\t<span class=\"elementor-divider-separator\">\n\t\t\t\t\t\t<\/span>\n\t\t<\/div>\n\t\t\t\t\t\t<\/div>\n\t\t\t\t<div class=\"elementor-element elementor-element-03fdd79 elementor-invisible elementor-widget elementor-widget-text-editor\" data-id=\"03fdd79\" data-element_type=\"widget\" data-e-type=\"widget\" data-settings=\"{&quot;_animation&quot;:&quot;fadeInUp&quot;}\" data-widget_type=\"text-editor.default\">\n\t\t\t\t\t\t\t\t\t<p>Avec son d\u00e9cor contemporain, son \u00e9clairage chaleureux et ses si\u00e8ges confortables, TATAU est l\u2019adresse incontournable pour celles et ceux qui appr\u00e9cient le partage des cultures et l\u2019audace gastronomique. Que vous veniez d\u00eener pr\u00e8s de la plage ou passer une soir\u00e9e conviviale, TATAU vous accueille dans un cadre moderne o\u00f9 le plaisir culinaire prime.<\/p>\n\t\t\t\t\t\t\t\t<\/div>\n\t\t\t\t<div class=\"elementor-element elementor-element-d4d8466 elementor-align-left btn-style elementor-mobile-align-center elementor-invisible elementor-widget elementor-widget-button\" data-id=\"d4d8466\" data-element_type=\"widget\" data-e-type=\"widget\" data-settings=\"{&quot;_animation&quot;:&quot;fadeIn&quot;,&quot;_animation_delay&quot;:600}\" data-widget_type=\"button.default\">\n\t\t\t\t\t\t\t\t\t\t<a class=\"elementor-button elementor-button-link elementor-size-sm\" href=\"https:\/\/tatau.be\/fr\/contact\/\">\n\t\t\t\t\t\t<span class=\"elementor-button-content-wrapper\">\n\t\t\t\t\t\t\t\t\t<span class=\"elementor-button-text\">Contactez-nous<\/span>\n\t\t\t\t\t<\/span>\n\t\t\t\t\t<\/a>\n\t\t\t\t\t\t\t\t<\/div>\n\t\t\t\t<\/div>\n\t\t<div class=\"elementor-element elementor-element-cb9d723 e-con-full e-flex e-con e-child\" data-id=\"cb9d723\" data-element_type=\"container\" data-e-type=\"container\">\n\t\t\t\t<div class=\"elementor-element elementor-element-79d444c elementor-widget-mobile__width-initial elementor-widget elementor-widget-image\" data-id=\"79d444c\" data-element_type=\"widget\" data-e-type=\"widget\" data-widget_type=\"image.default\">\n\t\t\t\t\t\t\t\t\t\t\t\t\t\t\t<img loading=\"lazy\" decoding=\"async\" width=\"800\" height=\"1000\" src=\"https:\/\/tatau.be\/wp-content\/uploads\/2025\/11\/Tatau-39-819x1024.jpg\" class=\"attachment-large size-large wp-image-24\" alt=\"\" srcset=\"https:\/\/tatau.be\/wp-content\/uploads\/2025\/11\/Tatau-39-819x1024.jpg 819w, https:\/\/tatau.be\/wp-content\/uploads\/2025\/11\/Tatau-39-240x300.jpg 240w, https:\/\/tatau.be\/wp-content\/uploads\/2025\/11\/Tatau-39-768x960.jpg 768w, https:\/\/tatau.be\/wp-content\/uploads\/2025\/11\/Tatau-39-1229x1536.jpg 1229w, https:\/\/tatau.be\/wp-content\/uploads\/2025\/11\/Tatau-39.jpg 1440w\" sizes=\"(max-width: 800px) 100vw, 800px\" \/>\t\t\t\t\t\t\t\t\t\t\t\t\t\t\t<\/div>\n\t\t\t\t<\/div>\n\t\t\t\t\t<\/div>\n\t\t\t\t<\/div>\n\t\t<div class=\"elementor-element elementor-element-a07d127 e-con-full e-flex e-con e-parent\" data-id=\"a07d127\" data-element_type=\"container\" data-e-type=\"container\" data-settings=\"{&quot;background_background&quot;:&quot;gradient&quot;}\">\n\t\t<div class=\"elementor-element elementor-element-6fff29c e-con-full e-flex e-con e-child\" data-id=\"6fff29c\" data-element_type=\"container\" data-e-type=\"container\">\n\t\t<div class=\"elementor-element elementor-element-c22dfe1 e-con-full e-flex e-con e-child\" data-id=\"c22dfe1\" data-element_type=\"container\" data-e-type=\"container\" data-settings=\"{&quot;background_background&quot;:&quot;classic&quot;}\">\n\t\t\t\t<div class=\"elementor-element elementor-element-2f76130 elementor-widget elementor-widget-spacer\" data-id=\"2f76130\" data-element_type=\"widget\" data-e-type=\"widget\" data-widget_type=\"spacer.default\">\n\t\t\t\t\t\t\t<div class=\"elementor-spacer\">\n\t\t\t<div class=\"elementor-spacer-inner\"><\/div>\n\t\t<\/div>\n\t\t\t\t\t\t<\/div>\n\t\t<div class=\"elementor-element elementor-element-389b87a e-con-full e-flex e-con e-child\" data-id=\"389b87a\" data-element_type=\"container\" data-e-type=\"container\">\n\t\t<div class=\"elementor-element elementor-element-091fb43 e-con-full e-flex elementor-invisible e-con e-child\" data-id=\"091fb43\" data-element_type=\"container\" data-e-type=\"container\" data-settings=\"{&quot;animation&quot;:&quot;fadeIn&quot;}\">\n\t\t\t\t<div class=\"elementor-element elementor-element-a3a57f2 elementor-widget elementor-widget-image\" data-id=\"a3a57f2\" data-element_type=\"widget\" data-e-type=\"widget\" data-widget_type=\"image.default\">\n\t\t\t\t\t\t\t\t\t\t\t\t\t\t\t<img loading=\"lazy\" decoding=\"async\" width=\"800\" height=\"709\" src=\"https:\/\/tatau.be\/wp-content\/uploads\/2025\/11\/tussenlogo-1024x907.png\" class=\"attachment-large size-large wp-image-29\" alt=\"\" srcset=\"https:\/\/tatau.be\/wp-content\/uploads\/2025\/11\/tussenlogo-1024x907.png 1024w, https:\/\/tatau.be\/wp-content\/uploads\/2025\/11\/tussenlogo-300x266.png 300w, https:\/\/tatau.be\/wp-content\/uploads\/2025\/11\/tussenlogo-768x681.png 768w, https:\/\/tatau.be\/wp-content\/uploads\/2025\/11\/tussenlogo-1536x1361.png 1536w, https:\/\/tatau.be\/wp-content\/uploads\/2025\/11\/tussenlogo-2048x1815.png 2048w\" sizes=\"(max-width: 800px) 100vw, 800px\" \/>\t\t\t\t\t\t\t\t\t\t\t\t\t\t\t<\/div>\n\t\t\t\t<div class=\"elementor-element elementor-element-6234559 elementor-widget elementor-widget-heading\" data-id=\"6234559\" data-element_type=\"widget\" data-e-type=\"widget\" data-widget_type=\"heading.default\">\n\t\t\t\t\t<h2 class=\"elementor-heading-title elementor-size-default\">TATAU<\/h2>\t\t\t\t<\/div>\n\t\t\t\t<\/div>\n\t\t\t\t<div class=\"elementor-element elementor-element-c36cc60 elementor-widget-divider--view-line elementor-invisible elementor-widget elementor-widget-divider\" data-id=\"c36cc60\" data-element_type=\"widget\" data-e-type=\"widget\" data-settings=\"{&quot;_animation&quot;:&quot;fadeInLeft&quot;}\" data-widget_type=\"divider.default\">\n\t\t\t\t\t\t\t<div class=\"elementor-divider\">\n\t\t\t<span class=\"elementor-divider-separator\">\n\t\t\t\t\t\t<\/span>\n\t\t<\/div>\n\t\t\t\t\t\t<\/div>\n\t\t\t\t<div class=\"elementor-element elementor-element-80669e4 elementor-invisible elementor-widget elementor-widget-text-editor\" data-id=\"80669e4\" data-element_type=\"widget\" data-e-type=\"widget\" data-settings=\"{&quot;_animation&quot;:&quot;fadeInUp&quot;}\" data-widget_type=\"text-editor.default\">\n\t\t\t\t\t\t\t\t\t<p>D\u00e9couvrez pourquoi TATAU est r\u00e9put\u00e9 \u00e0 Knokke pour sa cuisine fusion dans un int\u00e9rieur tendance. R\u00e9servez d\u00e8s aujourd\u2019hui et laissez-vous s\u00e9duire par l\u2019alliance parfaite entre saveurs, ambiance et style.<\/p>\n\t\t\t\t\t\t\t\t<\/div>\n\t\t\t\t<div class=\"elementor-element elementor-element-977403a elementor-align-left btn-style elementor-mobile-align-center elementor-invisible elementor-widget elementor-widget-button\" data-id=\"977403a\" data-element_type=\"widget\" data-e-type=\"widget\" data-settings=\"{&quot;_animation&quot;:&quot;fadeIn&quot;,&quot;_animation_delay&quot;:600}\" data-widget_type=\"button.default\">\n\t\t\t\t\t\t\t\t\t\t<a class=\"elementor-button elementor-button-link elementor-size-sm\" href=\"https:\/\/tatau.be\/fr\/contact\/\">\n\t\t\t\t\t\t<span class=\"elementor-button-content-wrapper\">\n\t\t\t\t\t\t\t\t\t<span class=\"elementor-button-text\">Contactez-nous<\/span>\n\t\t\t\t\t<\/span>\n\t\t\t\t\t<\/a>\n\t\t\t\t\t\t\t\t<\/div>\n\t\t\t\t<\/div>\n\t\t\t\t<\/div>\n\t\t\t\t<\/div>\n\t\t\t\t<\/div>\n\t\t\t\t<\/div>\n\t\t","protected":false},"excerpt":{"rendered":"<p>TATAU Cuisine fusion dans un int\u00e9rieur branch\u00e9 \u00e0 Knokke Vivez une exp\u00e9rience culinaire unique chez TATAU, o\u00f9 les saveurs orientales rencontrent les produits locaux dans une cuisine fusion inventive. Notre int\u00e9rieur soigneusement pens\u00e9 cr\u00e9e une ambiance id\u00e9ale pour d\u00e9guster des plats raffin\u00e9s entre amis, en famille ou lors d\u2019un d\u00eener romantique. Nos chefs marient les [&hellip;]<\/p>\n","protected":false},"author":1,"featured_media":0,"parent":0,"menu_order":0,"comment_status":"closed","ping_status":"closed","template":"","meta":{"footnotes":""},"class_list":["post-809","page","type-page","status-publish","hentry"],"yoast_head":"<!-- This site is optimized with the Yoast SEO plugin v27.3 - https:\/\/yoast.com\/product\/yoast-seo-wordpress\/ -->\n<title>TATAU | Cuisine fusion dans un int\u00e9rieur tendance \u00e0 Knokke<\/title>\n<meta name=\"description\" content=\"Vivez une exp\u00e9rience culinaire unique au restaurant TATAU \u00e0 Knokke, o\u00f9 les saveurs orientales et les ingr\u00e9dients locaux se marient dans une cuisine fusion surprenante.\" \/>\n<meta name=\"robots\" content=\"index, follow, max-snippet:-1, max-image-preview:large, max-video-preview:-1\" \/>\n<link rel=\"canonical\" href=\"https:\/\/tatau.be\/fr\/cuisine-fusion-interieur-tendance\/\" \/>\n<meta property=\"og:locale\" content=\"fr_FR\" \/>\n<meta property=\"og:type\" content=\"article\" \/>\n<meta property=\"og:title\" content=\"TATAU | Cuisine fusion dans un int\u00e9rieur tendance \u00e0 Knokke\" \/>\n<meta property=\"og:description\" content=\"Vivez une exp\u00e9rience culinaire unique au restaurant TATAU \u00e0 Knokke, o\u00f9 les saveurs orientales et les ingr\u00e9dients locaux se marient dans une cuisine fusion surprenante.\" \/>\n<meta property=\"og:url\" content=\"https:\/\/tatau.be\/fr\/cuisine-fusion-interieur-tendance\/\" \/>\n<meta property=\"og:site_name\" content=\"TATAU\" \/>\n<meta property=\"article:modified_time\" content=\"2025-11-22T13:05:04+00:00\" \/>\n<meta property=\"og:image\" content=\"https:\/\/tatau.be\/wp-content\/uploads\/2025\/11\/Tatau-9.jpg\" \/>\n\t<meta property=\"og:image:width\" content=\"1440\" \/>\n\t<meta property=\"og:image:height\" content=\"1920\" \/>\n\t<meta property=\"og:image:type\" content=\"image\/jpeg\" \/>\n<meta name=\"twitter:card\" content=\"summary_large_image\" \/>\n<meta name=\"twitter:label1\" content=\"Dur\u00e9e de lecture est.\" \/>\n\t<meta name=\"twitter:data1\" content=\"1 minute\" \/>\n<script type=\"application\/ld+json\" class=\"yoast-schema-graph\">{\"@context\":\"https:\\\/\\\/schema.org\",\"@graph\":[{\"@type\":\"WebPage\",\"@id\":\"https:\\\/\\\/tatau.be\\\/fr\\\/cuisine-fusion-interieur-tendance\\\/\",\"url\":\"https:\\\/\\\/tatau.be\\\/fr\\\/cuisine-fusion-interieur-tendance\\\/\",\"name\":\"TATAU | Cuisine fusion dans un int\u00e9rieur tendance \u00e0 Knokke\",\"isPartOf\":{\"@id\":\"https:\\\/\\\/tatau.be\\\/fr\\\/#website\"},\"primaryImageOfPage\":{\"@id\":\"https:\\\/\\\/tatau.be\\\/fr\\\/cuisine-fusion-interieur-tendance\\\/#primaryimage\"},\"image\":{\"@id\":\"https:\\\/\\\/tatau.be\\\/fr\\\/cuisine-fusion-interieur-tendance\\\/#primaryimage\"},\"thumbnailUrl\":\"https:\\\/\\\/tatau.be\\\/wp-content\\\/uploads\\\/2025\\\/11\\\/Tatau-9-768x1024.jpg\",\"datePublished\":\"2025-11-12T06:57:54+00:00\",\"dateModified\":\"2025-11-22T13:05:04+00:00\",\"description\":\"Vivez une exp\u00e9rience culinaire unique au restaurant TATAU \u00e0 Knokke, o\u00f9 les saveurs orientales et les ingr\u00e9dients locaux se marient dans une cuisine fusion surprenante.\",\"breadcrumb\":{\"@id\":\"https:\\\/\\\/tatau.be\\\/fr\\\/cuisine-fusion-interieur-tendance\\\/#breadcrumb\"},\"inLanguage\":\"fr-BE\",\"potentialAction\":[{\"@type\":\"ReadAction\",\"target\":[\"https:\\\/\\\/tatau.be\\\/fr\\\/cuisine-fusion-interieur-tendance\\\/\"]}]},{\"@type\":\"ImageObject\",\"inLanguage\":\"fr-BE\",\"@id\":\"https:\\\/\\\/tatau.be\\\/fr\\\/cuisine-fusion-interieur-tendance\\\/#primaryimage\",\"url\":\"https:\\\/\\\/tatau.be\\\/wp-content\\\/uploads\\\/2025\\\/11\\\/Tatau-9-768x1024.jpg\",\"contentUrl\":\"https:\\\/\\\/tatau.be\\\/wp-content\\\/uploads\\\/2025\\\/11\\\/Tatau-9-768x1024.jpg\"},{\"@type\":\"BreadcrumbList\",\"@id\":\"https:\\\/\\\/tatau.be\\\/fr\\\/cuisine-fusion-interieur-tendance\\\/#breadcrumb\",\"itemListElement\":[{\"@type\":\"ListItem\",\"position\":1,\"name\":\"Home\",\"item\":\"https:\\\/\\\/tatau.be\\\/fr\\\/\"},{\"@type\":\"ListItem\",\"position\":2,\"name\":\"Cuisine fusion, int\u00e9rieur tendance\"}]},{\"@type\":\"WebSite\",\"@id\":\"https:\\\/\\\/tatau.be\\\/fr\\\/#website\",\"url\":\"https:\\\/\\\/tatau.be\\\/fr\\\/\",\"name\":\"TATAU\",\"description\":\"Oosterse keuken &amp; fusion restaurant in Knokke, vlak bij het casino\",\"publisher\":{\"@id\":\"https:\\\/\\\/tatau.be\\\/fr\\\/#organization\"},\"potentialAction\":[{\"@type\":\"SearchAction\",\"target\":{\"@type\":\"EntryPoint\",\"urlTemplate\":\"https:\\\/\\\/tatau.be\\\/fr\\\/?s={search_term_string}\"},\"query-input\":{\"@type\":\"PropertyValueSpecification\",\"valueRequired\":true,\"valueName\":\"search_term_string\"}}],\"inLanguage\":\"fr-BE\"},{\"@type\":\"Organization\",\"@id\":\"https:\\\/\\\/tatau.be\\\/fr\\\/#organization\",\"name\":\"Restaurant Tatau\",\"url\":\"https:\\\/\\\/tatau.be\\\/fr\\\/\",\"logo\":{\"@type\":\"ImageObject\",\"inLanguage\":\"fr-BE\",\"@id\":\"https:\\\/\\\/tatau.be\\\/fr\\\/#\\\/schema\\\/logo\\\/image\\\/\",\"url\":\"https:\\\/\\\/tatau.be\\\/wp-content\\\/uploads\\\/2025\\\/11\\\/Tatau-tussenstuk.jpg\",\"contentUrl\":\"https:\\\/\\\/tatau.be\\\/wp-content\\\/uploads\\\/2025\\\/11\\\/Tatau-tussenstuk.jpg\",\"width\":1080,\"height\":1080,\"caption\":\"Restaurant Tatau\"},\"image\":{\"@id\":\"https:\\\/\\\/tatau.be\\\/fr\\\/#\\\/schema\\\/logo\\\/image\\\/\"}}]}<\/script>\n<!-- \/ Yoast SEO plugin. -->","yoast_head_json":{"title":"TATAU | Cuisine fusion dans un int\u00e9rieur tendance \u00e0 Knokke","description":"Vivez une exp\u00e9rience culinaire unique au restaurant TATAU \u00e0 Knokke, o\u00f9 les saveurs orientales et les ingr\u00e9dients locaux se marient dans une cuisine fusion surprenante.","robots":{"index":"index","follow":"follow","max-snippet":"max-snippet:-1","max-image-preview":"max-image-preview:large","max-video-preview":"max-video-preview:-1"},"canonical":"https:\/\/tatau.be\/fr\/cuisine-fusion-interieur-tendance\/","og_locale":"fr_FR","og_type":"article","og_title":"TATAU | Cuisine fusion dans un int\u00e9rieur tendance \u00e0 Knokke","og_description":"Vivez une exp\u00e9rience culinaire unique au restaurant TATAU \u00e0 Knokke, o\u00f9 les saveurs orientales et les ingr\u00e9dients locaux se marient dans une cuisine fusion surprenante.","og_url":"https:\/\/tatau.be\/fr\/cuisine-fusion-interieur-tendance\/","og_site_name":"TATAU","article_modified_time":"2025-11-22T13:05:04+00:00","og_image":[{"width":1440,"height":1920,"url":"https:\/\/tatau.be\/wp-content\/uploads\/2025\/11\/Tatau-9.jpg","type":"image\/jpeg"}],"twitter_card":"summary_large_image","twitter_misc":{"Dur\u00e9e de lecture est.":"1 minute"},"schema":{"@context":"https:\/\/schema.org","@graph":[{"@type":"WebPage","@id":"https:\/\/tatau.be\/fr\/cuisine-fusion-interieur-tendance\/","url":"https:\/\/tatau.be\/fr\/cuisine-fusion-interieur-tendance\/","name":"TATAU | Cuisine fusion dans un int\u00e9rieur tendance \u00e0 Knokke","isPartOf":{"@id":"https:\/\/tatau.be\/fr\/#website"},"primaryImageOfPage":{"@id":"https:\/\/tatau.be\/fr\/cuisine-fusion-interieur-tendance\/#primaryimage"},"image":{"@id":"https:\/\/tatau.be\/fr\/cuisine-fusion-interieur-tendance\/#primaryimage"},"thumbnailUrl":"https:\/\/tatau.be\/wp-content\/uploads\/2025\/11\/Tatau-9-768x1024.jpg","datePublished":"2025-11-12T06:57:54+00:00","dateModified":"2025-11-22T13:05:04+00:00","description":"Vivez une exp\u00e9rience culinaire unique au restaurant TATAU \u00e0 Knokke, o\u00f9 les saveurs orientales et les ingr\u00e9dients locaux se marient dans une cuisine fusion surprenante.","breadcrumb":{"@id":"https:\/\/tatau.be\/fr\/cuisine-fusion-interieur-tendance\/#breadcrumb"},"inLanguage":"fr-BE","potentialAction":[{"@type":"ReadAction","target":["https:\/\/tatau.be\/fr\/cuisine-fusion-interieur-tendance\/"]}]},{"@type":"ImageObject","inLanguage":"fr-BE","@id":"https:\/\/tatau.be\/fr\/cuisine-fusion-interieur-tendance\/#primaryimage","url":"https:\/\/tatau.be\/wp-content\/uploads\/2025\/11\/Tatau-9-768x1024.jpg","contentUrl":"https:\/\/tatau.be\/wp-content\/uploads\/2025\/11\/Tatau-9-768x1024.jpg"},{"@type":"BreadcrumbList","@id":"https:\/\/tatau.be\/fr\/cuisine-fusion-interieur-tendance\/#breadcrumb","itemListElement":[{"@type":"ListItem","position":1,"name":"Home","item":"https:\/\/tatau.be\/fr\/"},{"@type":"ListItem","position":2,"name":"Cuisine fusion, int\u00e9rieur tendance"}]},{"@type":"WebSite","@id":"https:\/\/tatau.be\/fr\/#website","url":"https:\/\/tatau.be\/fr\/","name":"TATAU","description":"Oosterse keuken &amp; fusion restaurant in Knokke, vlak bij het casino","publisher":{"@id":"https:\/\/tatau.be\/fr\/#organization"},"potentialAction":[{"@type":"SearchAction","target":{"@type":"EntryPoint","urlTemplate":"https:\/\/tatau.be\/fr\/?s={search_term_string}"},"query-input":{"@type":"PropertyValueSpecification","valueRequired":true,"valueName":"search_term_string"}}],"inLanguage":"fr-BE"},{"@type":"Organization","@id":"https:\/\/tatau.be\/fr\/#organization","name":"Restaurant Tatau","url":"https:\/\/tatau.be\/fr\/","logo":{"@type":"ImageObject","inLanguage":"fr-BE","@id":"https:\/\/tatau.be\/fr\/#\/schema\/logo\/image\/","url":"https:\/\/tatau.be\/wp-content\/uploads\/2025\/11\/Tatau-tussenstuk.jpg","contentUrl":"https:\/\/tatau.be\/wp-content\/uploads\/2025\/11\/Tatau-tussenstuk.jpg","width":1080,"height":1080,"caption":"Restaurant Tatau"},"image":{"@id":"https:\/\/tatau.be\/fr\/#\/schema\/logo\/image\/"}}]}},"_links":{"self":[{"href":"https:\/\/tatau.be\/fr\/wp-json\/wp\/v2\/pages\/809","targetHints":{"allow":["GET"]}}],"collection":[{"href":"https:\/\/tatau.be\/fr\/wp-json\/wp\/v2\/pages"}],"about":[{"href":"https:\/\/tatau.be\/fr\/wp-json\/wp\/v2\/types\/page"}],"author":[{"embeddable":true,"href":"https:\/\/tatau.be\/fr\/wp-json\/wp\/v2\/users\/1"}],"replies":[{"embeddable":true,"href":"https:\/\/tatau.be\/fr\/wp-json\/wp\/v2\/comments?post=809"}],"version-history":[{"count":1,"href":"https:\/\/tatau.be\/fr\/wp-json\/wp\/v2\/pages\/809\/revisions"}],"predecessor-version":[{"id":810,"href":"https:\/\/tatau.be\/fr\/wp-json\/wp\/v2\/pages\/809\/revisions\/810"}],"wp:attachment":[{"href":"https:\/\/tatau.be\/fr\/wp-json\/wp\/v2\/media?parent=809"}],"curies":[{"name":"wp","href":"https:\/\/api.w.org\/{rel}","templated":true}]}}